{"id":279,"date":"2019-06-30T04:48:42","date_gmt":"2019-06-30T01:48:42","guid":{"rendered":"http:\/\/www.nokitaito.fi\/?page_id=279"},"modified":"2026-01-14T14:59:15","modified_gmt":"2026-01-14T12:59:15","slug":"ilmanvaihto","status":"publish","type":"page","link":"https:\/\/www.nokitaito.fi\/index.php\/ilmanvaihto\/","title":{"rendered":"Ilmanvaihto"},"content":{"rendered":"\n<p>Ilmanvaihtoj\u00e4rjestelm\u00e4 tulee huoltaa m\u00e4\u00e4r\u00e4ajoin. Koneellinen ilmanvaihto ei toimi hyvin, jos sen suodattimia ei vaihdeta ja kanavistoa puhdisteta s\u00e4\u00e4nn\u00f6llisesti. <\/p>\n\n\n\n<p>Kanaviston puhdistaminen tulisi tehd\u00e4 n 10 v vuoden v\u00e4lein ja suodattimet on hyv\u00e4 vaihtaa kahdesti vuodessa. Jos asunto sijaitsee ruuhka-alueella, vaihtotarve voi olla tihe\u00e4mpikin.  Muista my\u00f6s liesituulettimen rasvasuodattimen puhdistus. <\/p>\n\n\n\n<p>Teemme puhdistusty\u00f6t mekaanisella harjauksella ja alipaineistuksella. Ilmanvaihtoa ei tule sulkea kokonaan. Puutteellinen ilmanvaihto voi aiheuttaa kosteuden kertymist\u00e4 asuntoon ja johtaa homeongelmiin ja rakenteiden kosteusvaurioihin. Nyrkkis\u00e4\u00e4nt\u00f6 on ett\u00e4 ilmanvaihto on liian pieni, jos kosteus tiivistyy peiliin ja jos hyvin lingottu pyykki ei kuivu alle vuorokaudessa. Katossa tai sein\u00e4ss\u00e4 olevat ilmanvaihdon venttiilit voit pest\u00e4 kun otat venttiilin pois ulkoreunasta v\u00e4\u00e4nt\u00e4en etk\u00e4 muuta venttiilin keskell\u00e4 olevan s\u00e4\u00e4t\u00f6osan s\u00e4\u00e4t\u00f6j\u00e4. Hyv\u00e4 my\u00f6s seurata ett\u00e4 ilmanvaihtokoneen raitisilmas\u00e4leikk\u00f6 pysyy puhtaana. <\/p>\n\n\n\n<div class=\"wp-block-image\"><figure class=\"alignleft is-resized\"><img loading=\"lazy\" decoding=\"async\" src=\"http:\/\/www.nokitaito.fi\/wp-content\/uploads\/2019\/07\/Likainensuodatin-1024x768.jpg\" alt=\"Ennen puhdistusta\" class=\"wp-image-319\" width=\"300\" height=\"225\" srcset=\"https:\/\/www.nokitaito.fi\/wp-content\/uploads\/2019\/07\/Likainensuodatin-1024x768.jpg 1024w, https:\/\/www.nokitaito.fi\/wp-content\/uploads\/2019\/07\/Likainensuodatin-300x225.jpg 300w, https:\/\/www.nokitaito.fi\/wp-content\/uploads\/2019\/07\/Likainensuodatin-768x576.jpg 768w\" sizes=\"(max-width: 300px) 100vw, 300px\" \/><figcaption> Raitisilmas\u00e4leikk\u00f6 ennen puhdistusta. <\/figcaption><\/figure><\/div>\n\n\n\n<div class=\"wp-block-image\"><figure class=\"alignleft\"><img loading=\"lazy\" decoding=\"async\" width=\"300\" height=\"225\" src=\"http:\/\/www.nokitaito.fi\/wp-content\/uploads\/2019\/06\/Puhdassuodatin-300x225.jpg\" alt=\"Raitisilmas\u00e4leikk\u00f6 puhdistuksen j\u00e4lkeen\" class=\"wp-image-60\" srcset=\"https:\/\/www.nokitaito.fi\/wp-content\/uploads\/2019\/06\/Puhdassuodatin-300x225.jpg 300w, https:\/\/www.nokitaito.fi\/wp-content\/uploads\/2019\/06\/Puhdassuodatin-768x576.jpg 768w, https:\/\/www.nokitaito.fi\/wp-content\/uploads\/2019\/06\/Puhdassuodatin-1024x768.jpg 1024w, https:\/\/www.nokitaito.fi\/wp-content\/uploads\/2019\/06\/Puhdassuodatin-1200x900.jpg 1200w\" sizes=\"(max-width: 300px) 100vw, 300px\" \/><figcaption>Raitisilmas\u00e4leikk\u00f6 puhdistuksen j\u00e4lkeen.<\/figcaption><\/figure><\/div>\n\n\n\n<ul class=\"wp-block-gallery columns-0 is-cropped wp-block-gallery-1 is-layout-flex wp-block-gallery-is-layout-flex\"><\/ul>\n","protected":false},"excerpt":{"rendered":"<p>Ilmanvaihtoj\u00e4rjestelm\u00e4 tulee huoltaa m\u00e4\u00e4r\u00e4ajoin. Koneellinen ilmanvaihto ei toimi hyvin, jos sen suodattimia ei vaihdeta ja kanavistoa puhdisteta s\u00e4\u00e4nn\u00f6llisesti. Kanaviston puhdistaminen tulisi tehd\u00e4 n 10 v vuoden v\u00e4lein ja suodattimet on hyv\u00e4 vaihtaa kahdesti vuodessa. Jos asunto sijaitsee ruuhka-alueella, vaihtotarve voi olla tihe\u00e4mpikin. Muista my\u00f6s liesituulettimen rasvasuodattimen puhdistus. Teemme puhdistusty\u00f6t mekaanisella harjauksella ja alipaineistuksella. Ilmanvaihtoa ei [&hellip;]<\/p>\n","protected":false},"author":1,"featured_media":0,"parent":0,"menu_order":0,"comment_status":"closed","ping_status":"closed","template":"","meta":{"footnotes":""},"_links":{"self":[{"href":"https:\/\/www.nokitaito.fi\/index.php\/wp-json\/wp\/v2\/pages\/279"}],"collection":[{"href":"https:\/\/www.nokitaito.fi\/index.php\/wp-json\/wp\/v2\/pages"}],"about":[{"href":"https:\/\/www.nokitaito.fi\/index.php\/wp-json\/wp\/v2\/types\/page"}],"author":[{"embeddable":true,"href":"https:\/\/www.nokitaito.fi\/index.php\/wp-json\/wp\/v2\/users\/1"}],"replies":[{"embeddable":true,"href":"https:\/\/www.nokitaito.fi\/index.php\/wp-json\/wp\/v2\/comments?post=279"}],"version-history":[{"count":11,"href":"https:\/\/www.nokitaito.fi\/index.php\/wp-json\/wp\/v2\/pages\/279\/revisions"}],"predecessor-version":[{"id":353,"href":"https:\/\/www.nokitaito.fi\/index.php\/wp-json\/wp\/v2\/pages\/279\/revisions\/353"}],"wp:attachment":[{"href":"https:\/\/www.nokitaito.fi\/index.php\/wp-json\/wp\/v2\/media?parent=279"}],"curies":[{"name":"wp","href":"https:\/\/api.w.org\/{rel}","templated":true}]}}