{"id":284,"date":"2019-06-30T04:58:14","date_gmt":"2019-06-30T01:58:14","guid":{"rendered":"http:\/\/www.nokitaito.fi\/?page_id=284"},"modified":"2026-01-14T15:01:33","modified_gmt":"2026-01-14T13:01:33","slug":"muut-palvelut","status":"publish","type":"page","link":"https:\/\/www.nokitaito.fi\/index.php\/muut-palvelut\/","title":{"rendered":"Muut palvelut"},"content":{"rendered":"\n<p>Teemme my\u00f6s <\/p>\n\n\n\n<ul>\n<li>tulisijojen- sek\u00e4 piippujen korjaust\u00f6it\u00e4<\/li>\n\n\n\n<li>tulisijojen purkuty\u00f6t sek\u00e4 asennusty\u00f6t<\/li>\n\n\n\n<li>kattojen korjaus- sek\u00e4 puhdistusty\u00f6t<\/li>\n\n\n\n<li>kourujen puhdistus- sek\u00e4 korjausty\u00f6t<\/li>\n\n\n\n<li>lumien pudotukset katoilta<\/li>\n\n\n\n<li>piipunhattujen, tikkaiden ja kattoturvalaitteiden asennukset<\/li>\n\n\n\n<li>ilmanvaihtokanavien eristysty\u00f6t<\/li>\n\n\n\n<li>pienimuotoiset remontointity\u00f6t<\/li>\n\n\n\n<li>puun kaadot ja raivausty\u00f6t<br> <\/li>\n<\/ul>\n\n\n\n<figure class=\"wp-block-gallery has-nested-images columns-default is-cropped wp-block-gallery-1 is-layout-flex wp-block-gallery-is-layout-flex\">\n<img decoding=\"async\" data-id=\"429\" src=\"https:\/\/www.nokitaito.fi\/wp-content\/uploads\/2025\/09\/kuva6859-768x1024.jpg\" alt=\"\" width=\"250\" class=\"wp-image-429\" srcset=\"https:\/\/www.nokitaito.fi\/wp-content\/uploads\/2025\/09\/kuva6859-768x1024.jpg 768w, https:\/\/www.nokitaito.fi\/wp-content\/uploads\/2025\/09\/kuva6859-225x300.jpg 225w, https:\/\/www.nokitaito.fi\/wp-content\/uploads\/2025\/09\/kuva6859-1152x1536.jpg 1152w, https:\/\/www.nokitaito.fi\/wp-content\/uploads\/2025\/09\/kuva6859.jpg 1536w\" sizes=\"(max-width: 768px) 100vw, 768px\" \/>\n<\/figure>\n","protected":false},"excerpt":{"rendered":"<p>Teemme my\u00f6s<\/p>\n","protected":false},"author":1,"featured_media":0,"parent":0,"menu_order":0,"comment_status":"closed","ping_status":"closed","template":"","meta":{"footnotes":""},"_links":{"self":[{"href":"https:\/\/www.nokitaito.fi\/index.php\/wp-json\/wp\/v2\/pages\/284"}],"collection":[{"href":"https:\/\/www.nokitaito.fi\/index.php\/wp-json\/wp\/v2\/pages"}],"about":[{"href":"https:\/\/www.nokitaito.fi\/index.php\/wp-json\/wp\/v2\/types\/page"}],"author":[{"embeddable":true,"href":"https:\/\/www.nokitaito.fi\/index.php\/wp-json\/wp\/v2\/users\/1"}],"replies":[{"embeddable":true,"href":"https:\/\/www.nokitaito.fi\/index.php\/wp-json\/wp\/v2\/comments?post=284"}],"version-history":[{"count":7,"href":"https:\/\/www.nokitaito.fi\/index.php\/wp-json\/wp\/v2\/pages\/284\/revisions"}],"predecessor-version":[{"id":430,"href":"https:\/\/www.nokitaito.fi\/index.php\/wp-json\/wp\/v2\/pages\/284\/revisions\/430"}],"wp:attachment":[{"href":"https:\/\/www.nokitaito.fi\/index.php\/wp-json\/wp\/v2\/media?parent=284"}],"curies":[{"name":"wp","href":"https:\/\/api.w.org\/{rel}","templated":true}]}}