{"id":3,"date":"2019-06-05T11:39:57","date_gmt":"2019-06-05T11:39:57","guid":{"rendered":"http:\/\/www.nokitaito.fi\/?page_id=3"},"modified":"2026-01-14T15:07:58","modified_gmt":"2026-01-14T13:07:58","slug":"privacy-policy","status":"publish","type":"page","link":"https:\/\/www.nokitaito.fi\/index.php\/privacy-policy\/","title":{"rendered":"Tietosuojaseloste"},"content":{"rendered":"\n<h2 class=\"wp-block-heading\">Olemme\u00a0nuohous- ja ilmastointialalla toimiva yritys, jolla on <em>Nuohousalanliiton ry:n<\/em>\u00a0j\u00e4senyritys ja olemme saaneet\u00a0OMAnuohooja-tunnuksen. <\/h2>\n\n\n\n<p><\/p>\n\n\n\n<p>Nuohous- ja ilmastoimitipalvelut Knuutilan kotisivut on rekister\u00f6ity nimell\u00e4 www.nokitaito.fi<\/p>\n\n\n\n<p>Yrityksen www-sivustolla asiakkaiden ja sidosryhmien on mahdolista l\u00e4hett\u00e4\u00e4 yhteydenottopyynt\u00f6 koskien ty\u00f6n kohdetta.<\/p>\n\n\n\n<p>Olemme sitoutuneet asiakkaidemme, ty\u00f6ntekij\u00f6ien ja sidosryhmien henkil\u00f6tietojen luottamukselliseen k\u00e4sittelyyn sek\u00e4 noudattamaan tietosuojaa koskevaa kansallista lains\u00e4\u00e4d\u00e4nt\u00f6\u00e4 ja yleist\u00e4 tietosuoja-asetusta. Tietosuojaselosteessamme kerromme k\u00e4ytt\u00e4miemme tietojen  k\u00e4sittelytarkoitukset. Ker\u00e4\u00e4mme tietoja vain siin\u00e4 laajuudessa kuin se on tarpeellista. <\/p>\n\n\n\n<p>Yhteydenottolomakkeella pyyd\u00e4mme kertomaan ty\u00f6nkohteesta, sen sijainnista ja yhteyshenkil\u00f6n nimi, puhelinnumeron ja halutessaan s\u00e4hk\u00f6postiosoite. N\u00e4iden tietojen pohjalta voimme arvioida ty\u00f6n laajuuden, kustannuset ja aikatauluttaa ty\u00f6n tarjousta varten.<\/p>\n\n\n\n<p>S\u00e4\u00e4nn\u00f6llist\u00e4 nuohousta varten pid\u00e4mme yll\u00e4 asiakkaan osoitteen, puhelinnumeron, tulisijat sek\u00e4 nuohousajankohdat rekisteriss\u00e4mme. Rekisteri on vain yhti\u00f6n toiminanharjoittajan k\u00e4yt\u00f6ss\u00e4. Rekisteri\u00e4 ei k\u00e4ytet\u00e4 muuhun tarkoitukseen, eik\u00e4 sen sis\u00e4lt\u00f6\u00f6n ole tunnuksia ja p\u00e4\u00e4sy\u00e4 muualta eik\u00e4 sen tietoja luovuteta muille.<\/p>\n","protected":false},"excerpt":{"rendered":"<p>Olemme\u00a0nuohous- ja ilmastointialalla toimiva yritys, jolla on Nuohousalanliiton ry:n\u00a0j\u00e4senyritys ja olemme saaneet\u00a0OMAnuohooja-tunnuksen. Nuohous- ja ilmastoimitipalvelut Knuutilan kotisivut on rekister\u00f6ity nimell\u00e4 www.nokitaito.fi Yrityksen www-sivustolla asiakkaiden ja sidosryhmien on mahdolista l\u00e4hett\u00e4\u00e4 yhteydenottopyynt\u00f6 koskien ty\u00f6n kohdetta. Olemme sitoutuneet asiakkaidemme, ty\u00f6ntekij\u00f6ien ja sidosryhmien henkil\u00f6tietojen luottamukselliseen k\u00e4sittelyyn sek\u00e4 noudattamaan tietosuojaa koskevaa kansallista lains\u00e4\u00e4d\u00e4nt\u00f6\u00e4 ja yleist\u00e4 tietosuoja-asetusta. Tietosuojaselosteessamme kerromme k\u00e4ytt\u00e4miemme tietojen [&hellip;]<\/p>\n","protected":false},"author":1,"featured_media":0,"parent":0,"menu_order":3,"comment_status":"closed","ping_status":"open","template":"","meta":{"footnotes":""},"_links":{"self":[{"href":"https:\/\/www.nokitaito.fi\/index.php\/wp-json\/wp\/v2\/pages\/3"}],"collection":[{"href":"https:\/\/www.nokitaito.fi\/index.php\/wp-json\/wp\/v2\/pages"}],"about":[{"href":"https:\/\/www.nokitaito.fi\/index.php\/wp-json\/wp\/v2\/types\/page"}],"author":[{"embeddable":true,"href":"https:\/\/www.nokitaito.fi\/index.php\/wp-json\/wp\/v2\/users\/1"}],"replies":[{"embeddable":true,"href":"https:\/\/www.nokitaito.fi\/index.php\/wp-json\/wp\/v2\/comments?post=3"}],"version-history":[{"count":4,"href":"https:\/\/www.nokitaito.fi\/index.php\/wp-json\/wp\/v2\/pages\/3\/revisions"}],"predecessor-version":[{"id":373,"href":"https:\/\/www.nokitaito.fi\/index.php\/wp-json\/wp\/v2\/pages\/3\/revisions\/373"}],"wp:attachment":[{"href":"https:\/\/www.nokitaito.fi\/index.php\/wp-json\/wp\/v2\/media?parent=3"}],"curies":[{"name":"wp","href":"https:\/\/api.w.org\/{rel}","templated":true}]}}