{"id":401,"date":"2024-01-28T18:22:43","date_gmt":"2024-01-28T16:22:43","guid":{"rendered":"https:\/\/www.nokitaito.fi\/?page_id=401"},"modified":"2026-01-14T15:10:25","modified_gmt":"2026-01-14T13:10:25","slug":"hinnasto","status":"publish","type":"page","link":"https:\/\/www.nokitaito.fi\/index.php\/hinnasto\/","title":{"rendered":"Hinnasto"},"content":{"rendered":"\n<p class=\"has-medium-font-size\">Kiinteist\u00f6kohtainen minimiveloitus on 55\u20ac. Se sis\u00e4lt\u00e4\u00e4 yhden hormin ja tulisijan nuohouksen, mik\u00e4li nuohottavia kohteita on enemm\u00e4n muodostuu hinta tulisijojen m\u00e4\u00e4r\u00e4n mukaan. <\/p>\n\n\n\n<p class=\"has-medium-font-size\">Hinnat voivat muuttua tulisijan sek\u00e4 mahdollisiin lis\u00e4t\u00f6ihin k\u00e4ytetyn ajan mukaan. Alla olevat hinnat ovat minimihintoja. Hinnoitteluun vaikuttaa my\u00f6s onko nuohooja muutenkin alueellasi vai ei. Vapaa-ajan asunnon lis\u00e4 on 22,09\u20ac.<\/p>\n\n\n\n<p class=\"has-medium-font-size\">Kes\u00e4isin nuohoamme my\u00f6s lauantaisin.<\/p>\n\n\n\n<h3 class=\"wp-block-heading\">Tulisijat<\/h3>\n\n\n\n<figure class=\"wp-block-table\"><table><tbody><tr><td><strong>TULISIJA<\/strong><\/td><td><strong>HINTA (\u20ac) sis. ALV 25.5%<\/strong><\/td><\/tr><tr><td>L\u00e4mmitysuuni \/ Varaava Takka \/ Kamina<\/td><td>16,57 <\/td><\/tr><tr><td>Saunan kiuas \/ Muuripata<\/td><td>16,57<\/td><\/tr><tr><td>Keitti\u00f6liesi \/ Leivinuuni \/ Liesileivinuuni<\/td><td>27,61<\/td><\/tr><tr><td>Takkaleivinuuni \/ Nostettava pata<\/td><td>27,61<\/td><\/tr><tr><td>Avotakka \/ Kuivuriuuni<\/td><td>Tulisija kohtainen<\/td><\/tr><tr><td>Muu tulisija<\/td><td>Tulisija kohtainen<\/td><\/tr><\/tbody><\/table><\/figure>\n\n\n\n<h3 class=\"wp-block-heading\">Hormit<\/h3>\n\n\n\n<figure class=\"wp-block-table\"><table><tbody><tr><td><strong>HORMI<\/strong><\/td><td><strong>HINTA (\u20ac) sis. ALV<\/strong><\/td><\/tr><tr><td>Rakennuksen ensimm\u00e4inen hormi<\/td><td>22,09<\/td><\/tr><tr><td>Seuraavat hormit<\/td><td>5,52<\/td><\/tr><\/tbody><\/table><\/figure>\n","protected":false},"excerpt":{"rendered":"<p>Kiinteist\u00f6kohtainen minimiveloitus on 55\u20ac. Se sis\u00e4lt\u00e4\u00e4 yhden hormin ja tulisijan nuohouksen, mik\u00e4li nuohottavia kohteita on enemm\u00e4n muodostuu hinta tulisijojen m\u00e4\u00e4r\u00e4n mukaan. Hinnat voivat muuttua tulisijan sek\u00e4 mahdollisiin lis\u00e4t\u00f6ihin k\u00e4ytetyn ajan mukaan. Alla olevat hinnat ovat minimihintoja. Hinnoitteluun vaikuttaa my\u00f6s onko nuohooja muutenkin alueellasi vai ei. Vapaa-ajan asunnon lis\u00e4 on 22,09\u20ac. Kes\u00e4isin nuohoamme my\u00f6s lauantaisin. Tulisijat [&hellip;]<\/p>\n","protected":false},"author":1,"featured_media":0,"parent":0,"menu_order":0,"comment_status":"closed","ping_status":"closed","template":"","meta":{"footnotes":""},"_links":{"self":[{"href":"https:\/\/www.nokitaito.fi\/index.php\/wp-json\/wp\/v2\/pages\/401"}],"collection":[{"href":"https:\/\/www.nokitaito.fi\/index.php\/wp-json\/wp\/v2\/pages"}],"about":[{"href":"https:\/\/www.nokitaito.fi\/index.php\/wp-json\/wp\/v2\/types\/page"}],"author":[{"embeddable":true,"href":"https:\/\/www.nokitaito.fi\/index.php\/wp-json\/wp\/v2\/users\/1"}],"replies":[{"embeddable":true,"href":"https:\/\/www.nokitaito.fi\/index.php\/wp-json\/wp\/v2\/comments?post=401"}],"version-history":[{"count":12,"href":"https:\/\/www.nokitaito.fi\/index.php\/wp-json\/wp\/v2\/pages\/401\/revisions"}],"predecessor-version":[{"id":427,"href":"https:\/\/www.nokitaito.fi\/index.php\/wp-json\/wp\/v2\/pages\/401\/revisions\/427"}],"wp:attachment":[{"href":"https:\/\/www.nokitaito.fi\/index.php\/wp-json\/wp\/v2\/media?parent=401"}],"curies":[{"name":"wp","href":"https:\/\/api.w.org\/{rel}","templated":true}]}}